{"id":2362,"date":"2014-11-07T16:48:43","date_gmt":"2014-11-07T14:48:43","guid":{"rendered":"http:\/\/localhost\/wordpress\/?page_id=2362"},"modified":"2026-04-02T12:50:41","modified_gmt":"2026-04-02T10:50:41","slug":"willkommen","status":"publish","type":"page","link":"https:\/\/www.borob-engineering.de\/?page_id=2362","title":{"rendered":"\u00dcber mich"},"content":{"rendered":"<p class=\"rtejustify\"><strong><a href=\"http:\/\/www.borob-engineering.de\/wp-content\/uploads\/2014\/11\/bild.jpg\"><img loading=\"lazy\" decoding=\"async\" class=\"alignleft wp-image-2399\" src=\"http:\/\/www.borob-engineering.de\/wp-content\/uploads\/2014\/11\/bild.jpg\" alt=\"bild\" width=\"109\" height=\"142\" srcset=\"https:\/\/www.borob-engineering.de\/wp-content\/uploads\/2014\/11\/bild.jpg 300w, https:\/\/www.borob-engineering.de\/wp-content\/uploads\/2014\/11\/bild-230x300.jpg 230w\" sizes=\"(max-width: 109px) 100vw, 109px\" \/><\/a>Robert Bohn<\/strong><br \/><em>Dipl. Technoinformatiker<\/em><\/p>\n<p data-start=\"311\" data-end=\"504\">Ich bin freiberuflicher Softwareentwickler mit langj\u00e4hriger Erfahrung in der Entwicklung eingebetteter Systeme \u2013 insbesondere in den Bereichen <strong data-start=\"454\" data-end=\"472\">Medizintechnik<\/strong> und <strong data-start=\"477\" data-end=\"503\">funktionale Sicherheit<\/strong>.<\/p>\n<p data-start=\"506\" data-end=\"827\">Meine Expertise basiert sowohl auf T\u00e4tigkeiten in internationalen Gro\u00dfunternehmen als auch in innovativen Start-ups. Seit Beginn meiner Selbstst\u00e4ndigkeit im Jahr 2012 unterst\u00fctze ich Unternehmen erfolgreich bei der Umsetzung anspruchsvoller Entwicklungsprojekte und erweitere kontinuierlich mein technologisches Know-how.<\/p>\n<p data-start=\"829\" data-end=\"996\">Mein Fokus liegt auf der Entwicklung <strong data-start=\"866\" data-end=\"930\">zuverl\u00e4ssiger, sicherheitskritischer und effizienter Systeme<\/strong>, die den hohen Anforderungen moderner Anwendungen gerecht werden.<\/p>\n<hr data-start=\"998\" data-end=\"1001\" \/>\n<h6 data-section-id=\"ftxbij\" data-start=\"1003\" data-end=\"1028\">\ud83d\udd27 Projektschwerpunkte<\/h6>\n<p data-start=\"1030\" data-end=\"1124\">Im Rahmen meiner bisherigen Projekte habe ich unter anderem in folgenden Bereichen gearbeitet:<\/p>\n<ul data-start=\"1126\" data-end=\"1388\">\n<li data-section-id=\"e7eax2\" data-start=\"1126\" data-end=\"1154\">Internet of Things (IoT)<\/li>\n<li data-section-id=\"gv1kxw\" data-start=\"1155\" data-end=\"1189\">Human-Machine Interfaces (HMI)<\/li>\n<li data-section-id=\"106f842\" data-start=\"1190\" data-end=\"1232\">Funktionale Sicherheit in der Seefahrt<\/li>\n<li data-section-id=\"1mzhbm2\" data-start=\"1233\" data-end=\"1282\">Funktionale Sicherheit in der Antriebstechnik<\/li>\n<li data-section-id=\"1ws60ea\" data-start=\"1283\" data-end=\"1340\">Funktionale Sicherheit in der Automatisierungstechnik<\/li>\n<li data-section-id=\"1ei847q\" data-start=\"1341\" data-end=\"1388\">Ger\u00e4testeuerung und Sensordatenverarbeitung<\/li>\n<\/ul>\n<hr data-start=\"1886\" data-end=\"1889\" \/>\n<h6 data-section-id=\"1fvm0mu\" data-start=\"1891\" data-end=\"1915\">\u2699\ufe0f Hardware-Erfahrung<\/h6>\n<p data-start=\"1917\" data-end=\"1995\">Fundierte Erfahrung mit verschiedenen Mikrocontroller-Architekturen, darunter:<\/p>\n<ul data-start=\"1997\" data-end=\"2075\">\n<li data-section-id=\"vk2y2t\" data-start=\"1997\" data-end=\"2028\">ARM Cortex ST Varianten F0, F3, F\/G\/4, U5, H7, sowie Nordic nRF9160, nRF5340 und nRF54L15<\/li>\n<li data-section-id=\"1xfbyor\" data-start=\"2048\" data-end=\"2075\">Atmel megaAVR und XMEGA<\/li>\n<\/ul>\n<hr data-start=\"2077\" data-end=\"2080\" \/>\n<h6 data-section-id=\"1cnv7ys\" data-start=\"2082\" data-end=\"2107\">\ud83d\udcbb Programmiersprachen<\/h6>\n<ul data-start=\"2109\" data-end=\"2222\">\n<li data-section-id=\"31p8l2\" data-start=\"2109\" data-end=\"2157\"><strong data-start=\"2111\" data-end=\"2127\">Schwerpunkt:<\/strong> C (inkl. MISRA-Richtlinien)<\/li>\n<li data-section-id=\"19m8si3\" data-start=\"2158\" data-end=\"2222\"><strong data-start=\"2160\" data-end=\"2172\">Weitere:<\/strong> C++, Assembler, Structured Text, Skriptsprachen<\/li>\n<\/ul>\n<hr data-start=\"2224\" data-end=\"2227\" \/>\n<h6 data-section-id=\"8khfak\" data-start=\"2229\" data-end=\"2253\">\ud83d\udccf Normen &amp; Standards<\/h6>\n<p data-start=\"2255\" data-end=\"2339\">Erfahrung in der Entwicklung unter Ber\u00fccksichtigung relevanter Normen, insbesondere:<\/p>\n<ul data-start=\"2341\" data-end=\"2417\">\n<li data-section-id=\"douhqg\" data-start=\"2341\" data-end=\"2379\">IEC 61508 (Funktionale Sicherheit)<\/li>\n<li data-section-id=\"bbu8om\" data-start=\"2380\" data-end=\"2417\">IEC 62304 (Medizinische Software)<\/li>\n<li data-section-id=\"bbu8om\" data-start=\"2380\" data-end=\"2417\">IEC 62443 (Cyber Security)<\/li>\n<\/ul>\n<hr data-start=\"2419\" data-end=\"2422\" \/>\n<h6 data-section-id=\"1wfm4ty\" data-start=\"132\" data-end=\"158\">\ud83d\udee0\ufe0f Weitere F\u00e4higkeiten<\/h6>\n<p>Neben der Softwareentwicklung verf\u00fcge ich \u00fcber fundierte Kenntnisse im hardwarenahen Arbeiten und in der technischen Analyse:<\/p>\n<ul data-start=\"287\" data-end=\"718\">\n<li data-section-id=\"s4eies\" data-start=\"287\" data-end=\"355\">Erfahrung in der <strong data-start=\"306\" data-end=\"331\">hardwarenahen Analyse<\/strong> eingebetteter Systeme<\/li>\n<li data-section-id=\"1j0hyth\" data-start=\"356\" data-end=\"456\">Sicheres <strong data-start=\"367\" data-end=\"418\">Verst\u00e4ndnis und Interpretation von Schaltpl\u00e4nen<\/strong> (insbesondere digitale Schaltungen)<\/li>\n<li data-section-id=\"fhxkea\" data-start=\"457\" data-end=\"534\">Routine im Umgang mit <strong data-start=\"481\" data-end=\"501\">Messinstrumenten<\/strong> wie Multimeter und Oszilloskop<\/li>\n<li data-section-id=\"q9hle\" data-start=\"535\" data-end=\"615\">Praktische Erfahrung im <strong data-start=\"561\" data-end=\"613\">Aufbau, Test und in der Anpassung von Prototypen<\/strong><\/li>\n<li data-section-id=\"1vzl07n\" data-start=\"616\" data-end=\"718\">Auch der <strong data-start=\"627\" data-end=\"682\">Umgang mit L\u00f6tkolben und elektronischen Komponenten<\/strong> geh\u00f6rt f\u00fcr mich zum Arbeitsalltag<\/li>\n<\/ul>\n<hr data-start=\"2709\" data-end=\"2712\" \/>\n<h6 data-section-id=\"jhdd1j\" data-start=\"2714\" data-end=\"2740\">\ud83c\udfe2 Berufliche Stationen<\/h6>\n<p><strong>ABB<\/strong><\/p>\n<p>Entwicklung von Firmware f\u00fcr Ein- und Ausgabe-Baugruppen einer Safety-SPS im Bereich Automatisierungstechnik.<\/p>\n<p><strong>20\/10 Perfect Vision GmbH<\/strong> (heute Teil von Bausch + Lomb)<\/p>\n<p>Konzeption und Implementierung einer Datenimportschnittstelle f\u00fcr ein Femto-LASIK-System in der Augenheilkunde.<\/p>\n<p><strong>Siemens AG<\/strong> (Healthcare)<\/p>\n<p>Entwicklung der Firmware f\u00fcr einen internen Kollimator im Linearbeschleuniger ARTISTE (Onkologie).<\/p>\n<p><strong>MRC Systems GmbH<\/strong><\/p>\n<ul data-start=\"3192\" data-end=\"3432\">\n<li data-section-id=\"1mz3yd8\" data-start=\"3192\" data-end=\"3276\">Optimierung von Positionsregelung und Kalibrierung eines Kollimators (Onkologie)<\/li>\n<li data-section-id=\"13siq5\" data-start=\"3277\" data-end=\"3332\">Entwicklung kundenspezifischer Steuerschnittstellen<\/li>\n<li data-section-id=\"1wqiyvr\" data-start=\"3333\" data-end=\"3432\">\u00dcberarbeitung der Firmware f\u00fcr die Strahlkalibrierung eines Picosekundenlasers (Neurochirurgie)<\/li>\n<\/ul>\n<hr data-start=\"3434\" data-end=\"3437\" \/>\n<h6 data-section-id=\"dirx2q\" data-start=\"3439\" data-end=\"3455\">\ud83c\udf93 Ausbildung<\/h6>\n<p data-start=\"3457\" data-end=\"3679\"><strong data-start=\"3457\" data-end=\"3498\">Technische Universit\u00e4t Kaiserslautern<\/strong><br data-start=\"3498\" data-end=\"3501\" \/>Diplom in Technoinformatik<br data-start=\"3527\" data-end=\"3530\" \/>Schwerpunkt: Software Engineering und Elektrotechnik<\/p>\n<hr data-start=\"3739\" data-end=\"3742\" \/>\n<h6 data-section-id=\"1ifzt8q\" data-start=\"3744\" data-end=\"3761\">\ud83e\udd1d Ihr Vorteil<\/h6>\n<p data-start=\"3763\" data-end=\"3826\">Mit mir gewinnen Sie einen erfahrenen Entwicklungspartner, der:<\/p>\n<ul data-start=\"3828\" data-end=\"4063\">\n<li data-section-id=\"1c6f3ky\" data-start=\"3828\" data-end=\"3881\">komplexe technische Anforderungen schnell erfasst<\/li>\n<li data-section-id=\"1w67eis\" data-start=\"3882\" data-end=\"3937\">praxisorientierte und zuverl\u00e4ssige L\u00f6sungen liefert<\/li>\n<li data-section-id=\"1ev3bx9\" data-start=\"3938\" data-end=\"3990\">sicherheitskritische Systeme normgerecht umsetzt<\/li>\n<li data-section-id=\"1tjm33q\" data-start=\"3991\" data-end=\"4063\">flexibel und effizient in bestehende Projekte integriert werden kann<\/li>\n<\/ul>\n\n\n<p><\/p>\n","protected":false},"excerpt":{"rendered":"<p>Robert BohnDipl. Technoinformatiker Ich bin freiberuflicher Softwareentwickler mit langj\u00e4hriger Erfahrung in der Entwicklung eingebetteter Systeme \u2013 insbesondere in den Bereichen<\/p>\n","protected":false},"author":1,"featured_media":0,"parent":0,"menu_order":1,"comment_status":"closed","ping_status":"closed","template":"","meta":{"footnotes":""},"_links":{"self":[{"href":"https:\/\/www.borob-engineering.de\/index.php?rest_route=\/wp\/v2\/pages\/2362"}],"collection":[{"href":"https:\/\/www.borob-engineering.de\/index.php?rest_route=\/wp\/v2\/pages"}],"about":[{"href":"https:\/\/www.borob-engineering.de\/index.php?rest_route=\/wp\/v2\/types\/page"}],"author":[{"embeddable":true,"href":"https:\/\/www.borob-engineering.de\/index.php?rest_route=\/wp\/v2\/users\/1"}],"replies":[{"embeddable":true,"href":"https:\/\/www.borob-engineering.de\/index.php?rest_route=%2Fwp%2Fv2%2Fcomments&post=2362"}],"version-history":[{"count":36,"href":"https:\/\/www.borob-engineering.de\/index.php?rest_route=\/wp\/v2\/pages\/2362\/revisions"}],"predecessor-version":[{"id":2499,"href":"https:\/\/www.borob-engineering.de\/index.php?rest_route=\/wp\/v2\/pages\/2362\/revisions\/2499"}],"wp:attachment":[{"href":"https:\/\/www.borob-engineering.de\/index.php?rest_route=%2Fwp%2Fv2%2Fmedia&parent=2362"}],"curies":[{"name":"wp","href":"https:\/\/api.w.org\/{rel}","templated":true}]}}