{"id":2372,"date":"2014-11-07T17:03:12","date_gmt":"2014-11-07T15:03:12","guid":{"rendered":"http:\/\/localhost\/wordpress\/?page_id=2372"},"modified":"2026-04-02T12:55:45","modified_gmt":"2026-04-02T10:55:45","slug":"wilkommen","status":"publish","type":"page","link":"https:\/\/www.borob-engineering.de\/","title":{"rendered":"Willkommen bei BoRob Engineering"},"content":{"rendered":"<p data-start=\"139\" data-end=\"165\">Sch\u00f6n, dass Sie hier sind!<\/p>\n<ul>\n<li data-start=\"167\" data-end=\"494\">Sie suchen einen erfahrenen Softwareentwickler zur Verst\u00e4rkung Ihres Teams im Bereich eingebetteter Systeme?<\/li>\n<li data-start=\"167\" data-end=\"494\">Sie ben\u00f6tigen Unterst\u00fctzung in Projekten mit Fokus auf funktionale Sicherheit,\u00a0Medizintechnik, oder Automatisierungstechnik?<\/li>\n<li data-start=\"167\" data-end=\"494\">Oder m\u00f6chten Sie gezielt von der Flexibilit\u00e4t und Effizienz eines freiberuflichen Experten profitieren?<\/li>\n<\/ul>\n<p data-start=\"496\" data-end=\"597\">Dann lassen Sie uns ins Gespr\u00e4ch kommen.<br data-start=\"536\" data-end=\"539\" \/>Ich freue mich darauf, Sie und Ihr Projekt kennenzulernen!<\/p>\n<p><strong>aktuelle Verf\u00fcgbarkeit: <span style=\"color: #339966;\">ab Juni 2026 verf\u00fcgbar<\/span><\/strong><\/p>\n","protected":false},"excerpt":{"rendered":"<p>Sch\u00f6n, dass Sie hier sind! Sie suchen einen erfahrenen Softwareentwickler zur Verst\u00e4rkung Ihres Teams im Bereich eingebetteter Systeme? Sie ben\u00f6tigen<\/p>\n","protected":false},"author":1,"featured_media":0,"parent":0,"menu_order":0,"comment_status":"closed","ping_status":"closed","template":"","meta":{"footnotes":""},"_links":{"self":[{"href":"https:\/\/www.borob-engineering.de\/index.php?rest_route=\/wp\/v2\/pages\/2372"}],"collection":[{"href":"https:\/\/www.borob-engineering.de\/index.php?rest_route=\/wp\/v2\/pages"}],"about":[{"href":"https:\/\/www.borob-engineering.de\/index.php?rest_route=\/wp\/v2\/types\/page"}],"author":[{"embeddable":true,"href":"https:\/\/www.borob-engineering.de\/index.php?rest_route=\/wp\/v2\/users\/1"}],"replies":[{"embeddable":true,"href":"https:\/\/www.borob-engineering.de\/index.php?rest_route=%2Fwp%2Fv2%2Fcomments&post=2372"}],"version-history":[{"count":15,"href":"https:\/\/www.borob-engineering.de\/index.php?rest_route=\/wp\/v2\/pages\/2372\/revisions"}],"predecessor-version":[{"id":2502,"href":"https:\/\/www.borob-engineering.de\/index.php?rest_route=\/wp\/v2\/pages\/2372\/revisions\/2502"}],"wp:attachment":[{"href":"https:\/\/www.borob-engineering.de\/index.php?rest_route=%2Fwp%2Fv2%2Fmedia&parent=2372"}],"curies":[{"name":"wp","href":"https:\/\/api.w.org\/{rel}","templated":true}]}}