{"id":2374,"date":"2014-11-07T17:09:16","date_gmt":"2014-11-07T15:09:16","guid":{"rendered":"http:\/\/localhost\/wordpress\/?page_id=2374"},"modified":"2026-04-02T12:56:33","modified_gmt":"2026-04-02T10:56:33","slug":"dienstleistungen","status":"publish","type":"page","link":"https:\/\/www.borob-engineering.de\/?page_id=2374","title":{"rendered":"Dienstleistungen"},"content":{"rendered":"<div class=\"content clearfix\">\n<div class=\"field field-name-body field-type-text-with-summary field-label-hidden\">\n<div class=\"field-items\">\n<div class=\"field-item even\">\n<p data-start=\"126\" data-end=\"284\">Ich unterst\u00fctze Sie entlang des gesamten Softwareentwicklungsprozesses \u2013 von der ersten Idee bis zur erfolgreichen Inbetriebnahme. Dazu geh\u00f6ren unter anderem:<\/p>\n<ul data-start=\"286\" data-end=\"436\">\n<li data-section-id=\"dfnj75\" data-start=\"286\" data-end=\"317\">Analyse Ihrer Anforderungen<\/li>\n<li data-section-id=\"1b2znr9\" data-start=\"318\" data-end=\"352\">Erstellung von Pflichtenheften<\/li>\n<li data-section-id=\"kqsf\" data-start=\"353\" data-end=\"388\">Software-Design und Architektur<\/li>\n<li data-section-id=\"11x0gat\" data-start=\"389\" data-end=\"408\">Implementierung<\/li>\n<li data-section-id=\"hvfqti\" data-start=\"409\" data-end=\"436\">Test und Inbetriebnahme<\/li>\n<\/ul>\n<p data-start=\"438\" data-end=\"563\">Selbstverst\u00e4ndlich k\u00f6nnen Sie mich auch gezielt f\u00fcr einzelne Projektphasen einsetzen \u2013 ganz so, wie es zu Ihrem Bedarf passt.<\/p>\n<\/div>\n<\/div>\n<\/div>\n<\/div>\n","protected":false},"excerpt":{"rendered":"<p>Ich unterst\u00fctze Sie entlang des gesamten Softwareentwicklungsprozesses \u2013 von der ersten Idee bis zur erfolgreichen Inbetriebnahme. Dazu geh\u00f6ren unter anderem:<\/p>\n","protected":false},"author":1,"featured_media":0,"parent":0,"menu_order":2,"comment_status":"closed","ping_status":"closed","template":"","meta":{"footnotes":""},"_links":{"self":[{"href":"https:\/\/www.borob-engineering.de\/index.php?rest_route=\/wp\/v2\/pages\/2374"}],"collection":[{"href":"https:\/\/www.borob-engineering.de\/index.php?rest_route=\/wp\/v2\/pages"}],"about":[{"href":"https:\/\/www.borob-engineering.de\/index.php?rest_route=\/wp\/v2\/types\/page"}],"author":[{"embeddable":true,"href":"https:\/\/www.borob-engineering.de\/index.php?rest_route=\/wp\/v2\/users\/1"}],"replies":[{"embeddable":true,"href":"https:\/\/www.borob-engineering.de\/index.php?rest_route=%2Fwp%2Fv2%2Fcomments&post=2374"}],"version-history":[{"count":5,"href":"https:\/\/www.borob-engineering.de\/index.php?rest_route=\/wp\/v2\/pages\/2374\/revisions"}],"predecessor-version":[{"id":2503,"href":"https:\/\/www.borob-engineering.de\/index.php?rest_route=\/wp\/v2\/pages\/2374\/revisions\/2503"}],"wp:attachment":[{"href":"https:\/\/www.borob-engineering.de\/index.php?rest_route=%2Fwp%2Fv2%2Fmedia&parent=2374"}],"curies":[{"name":"wp","href":"https:\/\/api.w.org\/{rel}","templated":true}]}}